
{"id":2889,"date":"2024-03-28T01:33:42","date_gmt":"2024-03-28T00:33:42","guid":{"rendered":"https:\/\/ilovemexico.co\/?page_id=2889"},"modified":"2024-03-28T01:35:48","modified_gmt":"2024-03-28T00:35:48","slug":"legal-notice","status":"publish","type":"page","link":"https:\/\/ilovemexico.co\/en\/legal-notice\/","title":{"rendered":"Terms of use"},"content":{"rendered":"<div style=\"height:122px\" aria-hidden=\"true\" class=\"wp-block-spacer\"><\/div>\n\n\n\n<h2 class=\"wp-block-heading\">Legal Notice - I Love Mexico <\/h2>\n\n\n\n<p><strong>Last update : <\/strong>15\/03\/2024<\/p>\n\n\n\n<p>Welcome to I Love Mexico, the blog powered by Estaxa&amp;group, your window on Mexico and its infinite riches. This legal page is dedicated to informing you about the legal and organizational aspects of our site.<\/p>\n\n\n\n<h3 class=\"wp-block-heading has-text-color has-link-color wp-elements-25d42c79fb81377e4e59fa2490ba81f7\" style=\"color:#fcb84d\"><mark style=\"background-color:rgba(0, 0, 0, 0);color:#fcb84d\" class=\"has-inline-color\">1.<\/mark><strong> Identification<\/strong><\/h3>\n\n\n\n<p>I Love Mexico is a blog run by Estaxa&amp;group, headquartered in Polanco, Mexico City, Mexico.<\/p>\n\n\n\n<p><strong>Information supplied directly by the user :<\/strong> This includes information you provide when you subscribe to our newsletter, enter a contest, or communicate with us.<\/p>\n\n\n\n<h3 class=\"wp-block-heading has-text-color has-link-color wp-elements-cd59bc09b8c4aa268ddfeedbd9b9cfbb\" style=\"color:#fcb84d\"><strong>2. Contact<\/strong><\/h3>\n\n\n\n<p>For information, collaboration or any other request, please contact us via our e-mail address : <a>contact@ilovemexico.co<\/a>.<\/p>\n\n\n\n<h3 class=\"wp-block-heading has-text-color has-link-color wp-elements-1c7d77a7331a84247270675f7331811c\" style=\"color:#fcb84d\"><strong>3. Hosting<\/strong><\/h3>\n\n\n\n<p>The I Love Mexico website is hosted by Hostinger International Ltd, located at 61 Lordou Vironos Street, 6023 Larnaca, Cyprus.<\/p>\n\n\n\n<h3 class=\"wp-block-heading has-text-color has-link-color wp-elements-ff1b61d7059accf1698a3a5fc0f6425d\" style=\"color:#fcb84d\"><strong>4. Use of the Site<\/strong><\/h3>\n\n\n\n<p>Access to and use of the I Love Mexico website is subject to acceptance of and compliance with the terms and conditions of use available on our website.<\/p>\n\n\n\n<h3 class=\"wp-block-heading has-text-color has-link-color wp-elements-e3e09631e25e402ae00d8f09fe484cd2\" style=\"color:#fcb84d\"><strong>5. Intellectual Property<\/strong><\/h3>\n\n\n\n<p>The content of the I Love Mexico website, including text, graphics, images, and other material, is protected by intellectual property rights and is the property of Estaxa&amp;group or its partners. Any unauthorized reproduction of this content without written permission is strictly prohibited.<\/p>\n\n\n\n<h3 class=\"wp-block-heading has-text-color has-link-color wp-elements-e6b26e3e8babd89a6c4771ac7140a788\" style=\"color:#fcb84d\"><strong>6. Data Collection and Use<\/strong><\/h3>\n\n\n\n<p> The personal information that may be collected on the site is mainly used by the publisher to manage relations with you and, where applicable, to process your orders. For more details on how we manage your personal data, please consult our privacy policy.<\/p>\n\n\n\n<h3 class=\"wp-block-heading has-text-color has-link-color wp-elements-cf40f506d9cdc8b4c4fc790b8030b1fd\" style=\"color:#fcb84d\"><strong>7. Liability<\/strong><\/h3>\n\n\n\n<p>Although meticulous care is taken to ensure the quality and updating of the information published, I Love Mexico, Estaxa&amp;group, and Hostinger International Ltd cannot guarantee the accuracy, precision, up-to-dateness or completeness of the information made available on the site.<\/p>\n\n\n\n<h3 class=\"wp-block-heading has-text-color has-link-color wp-elements-fd7cb9462af011a3783a4bb0200c27e0\" style=\"color:#fcb84d\"><strong>8. Modification of Legal Notice<\/strong><\/h3>\n\n\n\n<p>I Love Mexico reserves the right to modify or update this legal notice at any time. Users of the site are invited to consult them regularly.<\/p>\n\n\n\n<p>If you have any questions about these legal notices, please do not hesitate to contact us at the address given in the contact section.<\/p>\n\n\n\n<p>Thank you for your visit and your interest in I Love Mexico. Explore the wonders of Mexico with us!<\/p>\n\n\n\n<div style=\"height:191px\" aria-hidden=\"true\" class=\"wp-block-spacer\"><\/div>","protected":false},"excerpt":{"rendered":"<p>Legal Notice - I Love Mexico Last update: 15\/03\/2024 Welcome to I Love Mexico, the blog powered by Estaxa&amp;group, your window on Mexico and its infinite riches. This legal page is dedicated to inform you about the legal and organizational aspects of our site. 1. identification I Love [...]<\/p>","protected":false},"author":1,"featured_media":0,"parent":0,"menu_order":0,"comment_status":"closed","ping_status":"open","template":"","meta":{"_uag_custom_page_level_css":"","_monsterinsights_skip_tracking":false,"_monsterinsights_sitenote_active":false,"_monsterinsights_sitenote_note":"","_monsterinsights_sitenote_category":0,"_uf_show_specific_survey":0,"_uf_disable_surveys":false,"site-sidebar-layout":"default","site-content-layout":"","ast-site-content-layout":"default","site-content-style":"default","site-sidebar-style":"default","ast-global-header-display":"","ast-banner-title-visibility":"","ast-main-header-display":"","ast-hfb-above-header-display":"","ast-hfb-below-header-display":"","ast-hfb-mobile-header-display":"","site-post-title":"","ast-breadcrumbs-content":"","ast-featured-img":"","footer-sml-layout":"","theme-transparent-header-meta":"","adv-header-id-meta":"","stick-header-meta":"","header-above-stick-meta":"","header-main-stick-meta":"","header-below-stick-meta":"","astra-migrate-meta-layouts":"set","ast-page-background-enabled":"default","ast-page-background-meta":{"desktop":{"background-color":"var(--ast-global-color-4)","background-image":"","background-repeat":"repeat","background-position":"center center","background-size":"auto","background-attachment":"scroll","background-type":"","background-media":"","overlay-type":"","overlay-color":"","overlay-opacity":"","overlay-gradient":""},"tablet":{"background-color":"","background-image":"","background-repeat":"repeat","background-position":"center center","background-size":"auto","background-attachment":"scroll","background-type":"","background-media":"","overlay-type":"","overlay-color":"","overlay-opacity":"","overlay-gradient":""},"mobile":{"background-color":"","background-image":"","background-repeat":"repeat","background-position":"center center","background-size":"auto","background-attachment":"scroll","background-type":"","background-media":"","overlay-type":"","overlay-color":"","overlay-opacity":"","overlay-gradient":""}},"ast-content-background-meta":{"desktop":{"background-color":"var(--ast-global-color-5)","background-image":"","background-repeat":"repeat","background-position":"center center","background-size":"auto","background-attachment":"scroll","background-type":"","background-media":"","overlay-type":"","overlay-color":"","overlay-opacity":"","overlay-gradient":""},"tablet":{"background-color":"var(--ast-global-color-5)","background-image":"","background-repeat":"repeat","background-position":"center center","background-size":"auto","background-attachment":"scroll","background-type":"","background-media":"","overlay-type":"","overlay-color":"","overlay-opacity":"","overlay-gradient":""},"mobile":{"background-color":"var(--ast-global-color-5)","background-image":"","background-repeat":"repeat","background-position":"center center","background-size":"auto","background-attachment":"scroll","background-type":"","background-media":"","overlay-type":"","overlay-color":"","overlay-opacity":"","overlay-gradient":""}},"footnotes":""},"class_list":["post-2889","page","type-page","status-publish","hentry"],"aioseo_notices":[],"featured_image_src":null,"uagb_featured_image_src":{"full":false,"thumbnail":false,"medium":false,"medium_large":false,"large":false,"1536x1536":false,"2048x2048":false,"trp-custom-language-flag":false,"menu-24x24":false,"menu-36x36":false,"menu-48x48":false,"yarpp-thumbnail":false},"uagb_author_info":{"display_name":"ilovemexico.co","author_link":"https:\/\/ilovemexico.co\/en\/author\/953d5cb09b84c26e\/"},"uagb_comment_info":0,"uagb_excerpt":"Mentions L\u00e9gales &#8211; I Love Mexico Derni\u00e8re mise \u00e0 jour : 15\/03\/2024 Bienvenue sur I Love Mexico, le blog propuls\u00e9 par Estaxa&amp;group, votre fen\u00eatre ouverte sur le Mexique et sa richesse infinie. Cette page de mentions l\u00e9gales est d\u00e9di\u00e9e \u00e0 vous informer sur les aspects l\u00e9gaux et organisationnels de notre site. 1. Identification I Love&hellip;","_links":{"self":[{"href":"https:\/\/ilovemexico.co\/en\/wp-json\/wp\/v2\/pages\/2889"}],"collection":[{"href":"https:\/\/ilovemexico.co\/en\/wp-json\/wp\/v2\/pages"}],"about":[{"href":"https:\/\/ilovemexico.co\/en\/wp-json\/wp\/v2\/types\/page"}],"author":[{"embeddable":true,"href":"https:\/\/ilovemexico.co\/en\/wp-json\/wp\/v2\/users\/1"}],"replies":[{"embeddable":true,"href":"https:\/\/ilovemexico.co\/en\/wp-json\/wp\/v2\/comments?post=2889"}],"version-history":[{"count":1,"href":"https:\/\/ilovemexico.co\/en\/wp-json\/wp\/v2\/pages\/2889\/revisions"}],"predecessor-version":[{"id":2890,"href":"https:\/\/ilovemexico.co\/en\/wp-json\/wp\/v2\/pages\/2889\/revisions\/2890"}],"wp:attachment":[{"href":"https:\/\/ilovemexico.co\/en\/wp-json\/wp\/v2\/media?parent=2889"}],"curies":[{"name":"wp","href":"https:\/\/api.w.org\/{rel}","templated":true}]}}