
{"id":1643,"date":"2024-03-04T04:51:03","date_gmt":"2024-03-04T03:51:03","guid":{"rendered":"https:\/\/ilovemexico.co\/?page_id=1643"},"modified":"2024-05-30T05:20:08","modified_gmt":"2024-05-30T03:20:08","slug":"tulum","status":"publish","type":"page","link":"https:\/\/ilovemexico.co\/es\/tulum\/","title":{"rendered":"Tulum"},"content":{"rendered":"<div class=\"wp-block-uagb-container uagb-block-991acff1 alignfull uagb-is-root-container\"><div class=\"uagb-container-inner-blocks-wrap\">\n<div style=\"height:120px\" aria-hidden=\"true\" class=\"wp-block-spacer\"><\/div>\n\n\n\n<h1 class=\"wp-block-heading has-text-align-center\"><mark style=\"background-color:rgba(0, 0, 0, 0)\" class=\"has-inline-color has-ast-global-color-5-color\">Tulum<\/mark><\/h1>\n<\/div><\/div>\n\n\n\n<div class=\"wp-block-uagb-container uagb-block-df29e8e0 alignfull uagb-is-root-container\"><div class=\"uagb-container-inner-blocks-wrap\">\n<div class=\"wp-block-uagb-container uagb-block-0cc2fca7\">\n<div class=\"wp-block-group is-layout-constrained wp-block-group-is-layout-constrained\"><div class=\"aioseo-breadcrumbs\"><span class=\"aioseo-breadcrumb\">\n\tInicio\n<\/span><\/div>\n\n\n<div style=\"height:5px\" aria-hidden=\"true\" class=\"wp-block-spacer\"><\/div>\n<\/div>\n\n\n\n<div class=\"wp-block-uagb-advanced-heading uagb-block-46bf9726\"><h2 class=\"uagb-heading-text\"><strong>Descubra Tulum como un local \ud83c\uddf2\ud83c\uddfd<\/strong><\/h2><p class=\"uagb-desc-text\">Sum\u00e9rjase en lo mejor de Tulum con nuestros consejos. Desde magn\u00edficas playas hasta restaurantes imperdibles, te guiaremos.<\/p><\/div>\n\n\n\n<div class=\"wp-block-uagb-container uagb-block-e4b1459c\">\n<div class=\"wp-block-uagb-advanced-heading uagb-block-e664ddd9\"><h3 class=\"uagb-heading-text\"><strong>Su gu\u00eda definitiva \ud83c\udfd6\ufe0f<\/strong><\/h3><p class=\"uagb-desc-text\">Nuestra gu\u00eda le facilita el viaje: relax, gastronom\u00eda y diversi\u00f3n. Todo lo que necesita para unas vacaciones memorables y sin estr\u00e9s.<\/p><\/div>\n\n\n\n<div class=\"wp-block-uagb-advanced-heading uagb-block-4c1b05fa\"><h6 class=\"uagb-heading-text\"><strong>Los mejores Consejos \ud83d\ude96<\/strong><\/h6><p class=\"uagb-desc-text\">Encuentre los mejores alojamientos, restaurantes y actividades. Te ayudaremos a disfrutar al m\u00e1ximo de Tulum con total tranquilidad.<\/p><\/div>\n<\/div>\n<\/div>\n\n\n\n<div class=\"wp-block-uagb-container uagb-block-612c00eb\">\n<div class=\"wp-block-uagb-image alignleft uagb-block-fc55f369 wp-block-uagb-image--layout-default wp-block-uagb-image--effect-static wp-block-uagb-image--align-left\"><figure class=\"wp-block-uagb-image__figure\"><img decoding=\"async\" srcset=\"https:\/\/ilovemexico.co\/wp-content\/uploads\/2024\/03\/pexels-roberto-nickson-2631613.jpg ,https:\/\/ilovemexico.co\/wp-content\/uploads\/2024\/03\/pexels-roberto-nickson-2631613.jpg 780w, https:\/\/ilovemexico.co\/wp-content\/uploads\/2024\/03\/pexels-roberto-nickson-2631613.jpg 360w\" sizes=\"(max-width: 480px) 150px\" src=\"https:\/\/ilovemexico.co\/wp-content\/uploads\/2024\/03\/pexels-roberto-nickson-2631613.jpg\" alt=\"\" class=\"uag-image-1645\" width=\"675\" height=\"400\" title=\"pexels-roberto-nickson-2631613\" loading=\"lazy\" role=\"img\"\/><\/figure><\/div>\n<\/div>\n<\/div><\/div>\n\n\n\n<div class=\"wp-block-uagb-container uagb-block-e3752e37 alignfull uagb-is-root-container\"><div class=\"uagb-container-inner-blocks-wrap\">\n<div class=\"wp-block-group is-layout-constrained wp-block-group-is-layout-constrained\">\n<div class=\"wp-block-group is-layout-constrained wp-block-group-is-layout-constrained\">\n<div class=\"wp-block-group is-layout-constrained wp-block-group-is-layout-constrained\">\n<div class=\"wp-block-uagb-separator uagb-block-884d1545\"><div class=\"wp-block-uagb-separator__inner\" style=\"--my-background-image:\"><\/div><\/div>\n\n\n\n<h2 class=\"wp-block-heading\">Nuestros art\u00edculos sobre Tulum<\/h2>\n<\/div>\n<\/div>\n<\/div>\n\n\n\n<div class=\"wp-block-uagb-container uagb-block-407fa12a alignfull uagb-is-root-container\"><div class=\"uagb-container-inner-blocks-wrap\">\n<div class=\"wp-block-uagb-container uagb-block-23c53309\">\n<div class=\"wp-block-uagb-image uagb-block-b2b848c2 wp-block-uagb-image--layout-default wp-block-uagb-image--effect-static wp-block-uagb-image--align-none\"><figure class=\"wp-block-uagb-image__figure\"><a class=\"\" href=\"https:\/\/ilovemexico.co\/es\/tulum\/consejos-utiles\/ir-a-tulum\/\" target=\"\" rel=\"noopener\"><img decoding=\"async\" srcset=\"https:\/\/ilovemexico.co\/wp-content\/uploads\/2024\/03\/pexels-photo-16638788.webp ,https:\/\/ilovemexico.co\/wp-content\/uploads\/2024\/03\/pexels-photo-16638788.webp 780w, https:\/\/ilovemexico.co\/wp-content\/uploads\/2024\/03\/pexels-photo-16638788.webp 360w\" sizes=\"(max-width: 480px) 150px\" src=\"https:\/\/ilovemexico.co\/wp-content\/uploads\/2024\/03\/pexels-photo-16638788.webp\" alt=\"Tulum\" class=\"uag-image-2091\" width=\"366\" height=\"244\" title=\"Tulum\" loading=\"lazy\" role=\"img\"\/><\/a><\/figure><\/div>\n\n\n\n<div class=\"wp-block-uagb-info-box uagb-block-0b0fed25 uagb-infobox__content-wrap  uagb-infobox-icon-above-title uagb-infobox-image-valign-top\"><div class=\"uagb-ifb-content\"><div class=\"uagb-ifb-title-wrap\"><h4 class=\"uagb-ifb-title\"><mark style=\"background-color:rgba(0, 0, 0, 0)\" class=\"has-inline-color has-ast-global-color-7-color\"><a href=\"https:\/\/ilovemexico.co\/es\/tulum\/consejos-utiles\/ir-a-tulum\/\" title=\"\u00bfC\u00f3mo llegar a Tulum? Gu\u00eda pr\u00e1ctica\">\u00bfC\u00f3mo llegar a Tulum? Gu\u00eda pr\u00e1ctica<\/a><\/mark><\/h4><\/div><p class=\"uagb-ifb-desc\">\u00bfUnas vacaciones de ensue\u00f1o en Tulum? Simplifique su llegada con nuestros consejos para llegar a Tulum. Siga nuestra gu\u00eda para una despreocupada aventura caribe\u00f1a.<\/p><div class=\"uagb-ifb-button-wrapper wp-block-button\"><a href=\"https:\/\/ilovemexico.co\/es\/tulum\/consejos-utiles\/ir-a-tulum\/\" class=\"uagb-infobox-cta-link wp-block-button__link\" target=\"_self\" rel=\"noopener noreferrer\" onclick=\"return true;\" alt=\"\"><span class=\"uagb-inline-editing\">Seguir leyendo<\/span><svg xmlns=\"https:\/\/www.w3.org\/2000\/svg\" viewbox=\"0 0 512 512\"><path d=\"M504.3 273.6l-112.1 104c-6.992 6.484-17.18 8.218-25.94 4.406c-8.758-3.812-14.42-12.45-14.42-21.1L351.9 288H32C14.33 288 .0002 273.7 .0002 255.1S14.33 224 32 224h319.9l0-72c0-9.547 5.66-18.19 14.42-22c8.754-3.809 18.95-2.075 25.94 4.41l112.1 104C514.6 247.9 514.6 264.1 504.3 273.6z\"><\/path><\/svg><\/a><\/div><\/div><\/div>\n<\/div>\n\n\n\n<div class=\"wp-block-uagb-container uagb-block-77024ab8\">\n<div class=\"wp-block-uagb-image uagb-block-d8e7ca0a wp-block-uagb-image--layout-default wp-block-uagb-image--effect-static wp-block-uagb-image--align-none\"><figure class=\"wp-block-uagb-image__figure\"><a class=\"\" href=\"https:\/\/ilovemexico.co\/es\/tulum\/consejos-utiles\/clima-en-tulum\/\" target=\"\" rel=\"noopener\"><img decoding=\"async\" srcset=\"https:\/\/ilovemexico.co\/wp-content\/uploads\/2024\/03\/sea-it-costs-beach-3185430-edited-1024x768.jpg ,http:\/\/ilovemexico.co\/wp-content\/uploads\/2024\/03\/sea-it-costs-beach-3185430.jpg 780w, http:\/\/ilovemexico.co\/wp-content\/uploads\/2024\/03\/sea-it-costs-beach-3185430.jpg 360w\" sizes=\"(max-width: 480px) 150px\" src=\"https:\/\/ilovemexico.co\/wp-content\/uploads\/2024\/03\/sea-it-costs-beach-3185430-edited-1024x768.jpg\" alt=\"mar, cuesta, playa-3185430.jpg\" class=\"uag-image-2413\" width=\"356\" height=\"244\" title=\"tuum playa mar\" loading=\"lazy\" role=\"img\"\/><\/a><\/figure><\/div>\n\n\n\n<div class=\"wp-block-uagb-info-box uagb-block-54a6e421 uagb-infobox__content-wrap  uagb-infobox-icon-above-title uagb-infobox-image-valign-top\"><div class=\"uagb-ifb-content\"><div class=\"uagb-ifb-title-wrap\"><h4 class=\"uagb-ifb-title\"><a href=\"https:\/\/ilovemexico.co\/es\/tulum\/consejos-utiles\/clima-en-tulum\/\" title=\"El mejor momento para descubrir Tulum\">El mejor momento para descubrir Tulum<\/a><\/h4><\/div><p class=\"uagb-ifb-desc\">\u00bfEst\u00e1 planeando un viaje a Tulum pero no sabe cu\u00e1ndo? Desde el buceo de primavera hasta las fiestas de invierno, encuentre el momento perfecto para vivir una experiencia \u00fanica.<\/p><div class=\"uagb-ifb-button-wrapper wp-block-button\"><a href=\"https:\/\/ilovemexico.co\/es\/tulum\/consejos-utiles\/clima-en-tulum\/\" class=\"uagb-infobox-cta-link wp-block-button__link\" target=\"_self\" rel=\"noopener noreferrer\" onclick=\"return true;\" alt=\"\"><span class=\"uagb-inline-editing\">Seguir leyendo<\/span><svg xmlns=\"https:\/\/www.w3.org\/2000\/svg\" viewbox=\"0 0 512 512\"><path d=\"M504.3 273.6l-112.1 104c-6.992 6.484-17.18 8.218-25.94 4.406c-8.758-3.812-14.42-12.45-14.42-21.1L351.9 288H32C14.33 288 .0002 273.7 .0002 255.1S14.33 224 32 224h319.9l0-72c0-9.547 5.66-18.19 14.42-22c8.754-3.809 18.95-2.075 25.94 4.41l112.1 104C514.6 247.9 514.6 264.1 504.3 273.6z\"><\/path><\/svg><\/a><\/div><\/div><\/div>\n<\/div>\n\n\n\n<div class=\"wp-block-uagb-container uagb-block-1b7f7d8a\">\n<div class=\"wp-block-uagb-image uagb-block-cd33e79e wp-block-uagb-image--layout-default wp-block-uagb-image--effect-static wp-block-uagb-image--align-none\"><figure class=\"wp-block-uagb-image__figure\"><a class=\"\" href=\"https:\/\/ilovemexico.co\/es\/tulum\/alojamiento\/\" target=\"\" rel=\"noopener\"><img decoding=\"async\" srcset=\"https:\/\/ilovemexico.co\/wp-content\/uploads\/2024\/03\/jared-rice-ao1ZaY55bvs-unsplash.webp ,https:\/\/ilovemexico.co\/wp-content\/uploads\/2024\/03\/jared-rice-ao1ZaY55bvs-unsplash.webp 780w, https:\/\/ilovemexico.co\/wp-content\/uploads\/2024\/03\/jared-rice-ao1ZaY55bvs-unsplash.webp 360w\" sizes=\"(max-width: 480px) 150px\" src=\"https:\/\/ilovemexico.co\/wp-content\/uploads\/2024\/03\/jared-rice-ao1ZaY55bvs-unsplash.webp\" alt=\"Hotel Tulum\" class=\"uag-image-2531\" width=\"358\" height=\"244\" title=\"Hotel Tulum\" loading=\"lazy\" role=\"img\"\/><\/a><\/figure><\/div>\n\n\n\n<div class=\"wp-block-uagb-info-box uagb-block-cd960ae4 uagb-infobox__content-wrap  uagb-infobox-icon-above-title uagb-infobox-image-valign-top\"><div class=\"uagb-ifb-content\"><div class=\"uagb-ifb-title-wrap\"><h4 class=\"uagb-ifb-title\"><a href=\"https:\/\/ilovemexico.co\/es\/tulum\/alojamiento\/\" title=\"Los mejores hoteles para alojarse en Tulum\">Los mejores hoteles para alojarse en Tulum<\/a><\/h4><\/div><p class=\"uagb-ifb-desc\">\u00bfBusca el hotel perfecto para alojarse en Tulum? Explore nuestra selecci\u00f3n para adaptarse a todos los presupuestos y preferencias y garantizar una estancia inolvidable.<\/p><div class=\"uagb-ifb-button-wrapper wp-block-button\"><a href=\"https:\/\/ilovemexico.co\/es\/tulum\/alojamiento\/\" class=\"uagb-infobox-cta-link wp-block-button__link\" target=\"_self\" rel=\"noopener noreferrer\" onclick=\"return true;\" alt=\"\"><span class=\"uagb-inline-editing\">Seguir leyendo<\/span><svg xmlns=\"https:\/\/www.w3.org\/2000\/svg\" viewbox=\"0 0 512 512\"><path d=\"M504.3 273.6l-112.1 104c-6.992 6.484-17.18 8.218-25.94 4.406c-8.758-3.812-14.42-12.45-14.42-21.1L351.9 288H32C14.33 288 .0002 273.7 .0002 255.1S14.33 224 32 224h319.9l0-72c0-9.547 5.66-18.19 14.42-22c8.754-3.809 18.95-2.075 25.94 4.41l112.1 104C514.6 247.9 514.6 264.1 504.3 273.6z\"><\/path><\/svg><\/a><\/div><\/div><\/div>\n<\/div>\n<\/div><\/div>\n\n\n\n<div class=\"wp-block-uagb-container uagb-block-32742f91 alignfull uagb-is-root-container\"><div class=\"uagb-container-inner-blocks-wrap\">\n<div class=\"wp-block-uagb-container uagb-block-b6102e15\">\n<div class=\"wp-block-uagb-image uagb-block-ab9a8a46 wp-block-uagb-image--layout-default wp-block-uagb-image--effect-static wp-block-uagb-image--align-none\"><figure class=\"wp-block-uagb-image__figure\"><a class=\"\" href=\"https:\/\/ilovemexico.co\/es\/tulum\/cultura-e-historia\/que-son-los-cenotes-de-tulum\/\" target=\"\" rel=\"noopener\"><img decoding=\"async\" srcset=\"https:\/\/ilovemexico.co\/wp-content\/uploads\/2024\/03\/mexico-yucatan-cenote-2145712-1024x682.jpg ,https:\/\/ilovemexico.co\/wp-content\/uploads\/2024\/03\/mexico-yucatan-cenote-2145712.jpg 780w, https:\/\/ilovemexico.co\/wp-content\/uploads\/2024\/03\/mexico-yucatan-cenote-2145712.jpg 360w\" sizes=\"(max-width: 480px) 150px\" src=\"https:\/\/ilovemexico.co\/wp-content\/uploads\/2024\/03\/mexico-yucatan-cenote-2145712-1024x682.jpg\" alt=\"m\u00e9xico, yucat\u00e1n, cenote\" class=\"uag-image-2718\" width=\"368\" height=\"240\" title=\"m\u00e9xico, yucat\u00e1n, cenote\" loading=\"lazy\" role=\"img\"\/><\/a><\/figure><\/div>\n\n\n\n<div class=\"wp-block-uagb-info-box uagb-block-8e6ab794 uagb-infobox__content-wrap  uagb-infobox-icon-above-title uagb-infobox-image-valign-top\"><div class=\"uagb-ifb-content\"><div class=\"uagb-ifb-title-wrap\"><h4 class=\"uagb-ifb-title\"><a href=\"https:\/\/ilovemexico.co\/es\/tulum\/cultura-e-historia\/que-son-los-cenotes-de-tulum\/\" title=\"\u00bfQu\u00e9 es un cenote?\">\u00bfQu\u00e9 es un cenote?<\/a><\/h4><\/div><p class=\"uagb-ifb-desc\">Descubra la formaci\u00f3n y el misterio de los cenotes, maravillas geol\u00f3gicas y puertas a otro mundo para los mayas. \u00a1Sum\u00e9rjase en su cautivadora historia!<\/p><div class=\"uagb-ifb-button-wrapper wp-block-button\"><a href=\"https:\/\/ilovemexico.co\/es\/tulum\/cultura-e-historia\/que-son-los-cenotes-de-tulum\/\" class=\"uagb-infobox-cta-link wp-block-button__link\" target=\"_self\" rel=\"noopener noreferrer\" onclick=\"return true;\" alt=\"\"><span class=\"uagb-inline-editing\">Seguir leyendo<\/span><svg xmlns=\"https:\/\/www.w3.org\/2000\/svg\" viewbox=\"0 0 512 512\"><path d=\"M504.3 273.6l-112.1 104c-6.992 6.484-17.18 8.218-25.94 4.406c-8.758-3.812-14.42-12.45-14.42-21.1L351.9 288H32C14.33 288 .0002 273.7 .0002 255.1S14.33 224 32 224h319.9l0-72c0-9.547 5.66-18.19 14.42-22c8.754-3.809 18.95-2.075 25.94 4.41l112.1 104C514.6 247.9 514.6 264.1 504.3 273.6z\"><\/path><\/svg><\/a><\/div><\/div><\/div>\n<\/div>\n<\/div><\/div>\n<\/div><\/div>","protected":false},"excerpt":{"rendered":"<p>Tulum Descubre Tulum como un lugare\u00f1o \ud83c\uddf2\ud83c\uddfd Sum\u00e9rgete en lo mejor de Tulum con nuestros consejos. Desde magn\u00edficas playas hasta restaurantes imperdibles, nosotros te guiaremos. Tu gu\u00eda definitiva \ud83c\udfd6\ufe0f Nuestra gu\u00eda te facilita el viaje: relax, gastronom\u00eda y diversi\u00f3n. Todo lo que necesitas para unas vacaciones memorables y sin estr\u00e9s. Los mejores Consejos \ud83d\ude96 Accede [...]<\/p>","protected":false},"author":1,"featured_media":1644,"parent":0,"menu_order":0,"comment_status":"closed","ping_status":"closed","template":"","meta":{"_uag_custom_page_level_css":"","_monsterinsights_skip_tracking":false,"_monsterinsights_sitenote_active":false,"_monsterinsights_sitenote_note":"","_monsterinsights_sitenote_category":0,"_uf_show_specific_survey":0,"_uf_disable_surveys":false,"site-sidebar-layout":"default","site-content-layout":"page-builder","ast-site-content-layout":"full-width-container","site-content-style":"unboxed","site-sidebar-style":"unboxed","ast-global-header-display":"","ast-banner-title-visibility":"","ast-main-header-display":"","ast-hfb-above-header-display":"","ast-hfb-below-header-display":"","ast-hfb-mobile-header-display":"","site-post-title":"disabled","ast-breadcrumbs-content":"","ast-featured-img":"","footer-sml-layout":"","theme-transparent-header-meta":"enabled","adv-header-id-meta":"","stick-header-meta":"","header-above-stick-meta":"","header-main-stick-meta":"","header-below-stick-meta":"","astra-migrate-meta-layouts":"set","ast-page-background-enabled":"default","ast-page-background-meta":{"desktop":{"background-color":"var(--ast-global-color-4)","background-image":"","background-repeat":"repeat","background-position":"center center","background-size":"auto","background-attachment":"scroll","background-type":"","background-media":"","overlay-type":"","overlay-color":"","overlay-opacity":"","overlay-gradient":""},"tablet":{"background-color":"","background-image":"","background-repeat":"repeat","background-position":"center center","background-size":"auto","background-attachment":"scroll","background-type":"","background-media":"","overlay-type":"","overlay-color":"","overlay-opacity":"","overlay-gradient":""},"mobile":{"background-color":"","background-image":"","background-repeat":"repeat","background-position":"center center","background-size":"auto","background-attachment":"scroll","background-type":"","background-media":"","overlay-type":"","overlay-color":"","overlay-opacity":"","overlay-gradient":""}},"ast-content-background-meta":{"desktop":{"background-color":"var(--ast-global-color-5)","background-image":"","background-repeat":"repeat","background-position":"center center","background-size":"auto","background-attachment":"scroll","background-type":"","background-media":"","overlay-type":"","overlay-color":"","overlay-opacity":"","overlay-gradient":""},"tablet":{"background-color":"var(--ast-global-color-5)","background-image":"","background-repeat":"repeat","background-position":"center center","background-size":"auto","background-attachment":"scroll","background-type":"","background-media":"","overlay-type":"","overlay-color":"","overlay-opacity":"","overlay-gradient":""},"mobile":{"background-color":"var(--ast-global-color-5)","background-image":"","background-repeat":"repeat","background-position":"center center","background-size":"auto","background-attachment":"scroll","background-type":"","background-media":"","overlay-type":"","overlay-color":"","overlay-opacity":"","overlay-gradient":""}},"footnotes":""},"class_list":["post-1643","page","type-page","status-publish","has-post-thumbnail","hentry"],"aioseo_notices":[],"featured_image_src":"https:\/\/ilovemexico.co\/wp-content\/uploads\/2024\/03\/pexels-yuri-manei-13196944.jpg","uagb_featured_image_src":{"full":["https:\/\/ilovemexico.co\/wp-content\/uploads\/2024\/03\/pexels-yuri-manei-13196944.jpg",1280,1600,false],"thumbnail":["https:\/\/ilovemexico.co\/wp-content\/uploads\/2024\/03\/pexels-yuri-manei-13196944-150x150.jpg",150,150,true],"medium":["https:\/\/ilovemexico.co\/wp-content\/uploads\/2024\/03\/pexels-yuri-manei-13196944-240x300.jpg",240,300,true],"medium_large":["https:\/\/ilovemexico.co\/wp-content\/uploads\/2024\/03\/pexels-yuri-manei-13196944-768x960.jpg",768,960,true],"large":["https:\/\/ilovemexico.co\/wp-content\/uploads\/2024\/03\/pexels-yuri-manei-13196944-819x1024.jpg",819,1024,true],"1536x1536":["https:\/\/ilovemexico.co\/wp-content\/uploads\/2024\/03\/pexels-yuri-manei-13196944-1229x1536.jpg",1229,1536,true],"2048x2048":["https:\/\/ilovemexico.co\/wp-content\/uploads\/2024\/03\/pexels-yuri-manei-13196944.jpg",1280,1600,false],"trp-custom-language-flag":["https:\/\/ilovemexico.co\/wp-content\/uploads\/2024\/03\/pexels-yuri-manei-13196944.jpg",10,12,false],"menu-24x24":["https:\/\/ilovemexico.co\/wp-content\/uploads\/2024\/03\/pexels-yuri-manei-13196944.jpg",19,24,false],"menu-36x36":["https:\/\/ilovemexico.co\/wp-content\/uploads\/2024\/03\/pexels-yuri-manei-13196944.jpg",29,36,false],"menu-48x48":["https:\/\/ilovemexico.co\/wp-content\/uploads\/2024\/03\/pexels-yuri-manei-13196944.jpg",38,48,false],"yarpp-thumbnail":["https:\/\/ilovemexico.co\/wp-content\/uploads\/2024\/03\/pexels-yuri-manei-13196944.jpg",96,120,false]},"uagb_author_info":{"display_name":"ilovemexico.co","author_link":"https:\/\/ilovemexico.co\/es\/author\/953d5cb09b84c26e\/"},"uagb_comment_info":0,"uagb_excerpt":"Tulum D\u00e9couvrez Tulum comme un local \ud83c\uddf2\ud83c\uddfd Plongez dans le meilleur de Tulum gr\u00e2ce \u00e0 nos conseils. Des plages magnifiques aux restos \u00e0 ne pas manquer, on vous guide. Votre guide ultime \ud83c\udfd6\ufe0f Notre guide facilite votre voyage : d\u00e9tente, gastronomie, et fun. Tout pour des vacances m\u00e9morables sans stress. Les meilleurs Tips \ud83d\ude96 Acc\u00e9dez&hellip;","_links":{"self":[{"href":"https:\/\/ilovemexico.co\/es\/wp-json\/wp\/v2\/pages\/1643"}],"collection":[{"href":"https:\/\/ilovemexico.co\/es\/wp-json\/wp\/v2\/pages"}],"about":[{"href":"https:\/\/ilovemexico.co\/es\/wp-json\/wp\/v2\/types\/page"}],"author":[{"embeddable":true,"href":"https:\/\/ilovemexico.co\/es\/wp-json\/wp\/v2\/users\/1"}],"replies":[{"embeddable":true,"href":"https:\/\/ilovemexico.co\/es\/wp-json\/wp\/v2\/comments?post=1643"}],"version-history":[{"count":14,"href":"https:\/\/ilovemexico.co\/es\/wp-json\/wp\/v2\/pages\/1643\/revisions"}],"predecessor-version":[{"id":4441,"href":"https:\/\/ilovemexico.co\/es\/wp-json\/wp\/v2\/pages\/1643\/revisions\/4441"}],"wp:featuredmedia":[{"embeddable":true,"href":"https:\/\/ilovemexico.co\/es\/wp-json\/wp\/v2\/media\/1644"}],"wp:attachment":[{"href":"https:\/\/ilovemexico.co\/es\/wp-json\/wp\/v2\/media?parent=1643"}],"curies":[{"name":"wp","href":"https:\/\/api.w.org\/{rel}","templated":true}]}}