
{"id":1648,"date":"2024-03-04T05:00:13","date_gmt":"2024-03-04T04:00:13","guid":{"rendered":"https:\/\/ilovemexico.co\/?page_id=1648"},"modified":"2024-08-22T05:15:29","modified_gmt":"2024-08-22T03:15:29","slug":"ciudad-de-mexico-2","status":"publish","type":"page","link":"https:\/\/ilovemexico.co\/es\/ciudad-de-mexico-2\/","title":{"rendered":"Vivir en Ciudad de M\u00e9xico (CDMX)"},"content":{"rendered":"<div class=\"wp-block-uagb-container uagb-block-991acff1 alignfull uagb-is-root-container\"><div class=\"uagb-container-inner-blocks-wrap\">\n<div style=\"height:120px\" aria-hidden=\"true\" class=\"wp-block-spacer\"><\/div>\n\n\n\n<h1 class=\"wp-block-heading has-text-align-center\"><mark style=\"background-color:rgba(0, 0, 0, 0)\" class=\"has-inline-color has-ast-global-color-5-color\">Vivir en Ciudad de M\u00e9xico<\/mark><\/h1>\n<\/div><\/div>\n\n\n\n<div class=\"wp-block-uagb-container uagb-block-df29e8e0 alignfull uagb-is-root-container\"><div class=\"uagb-container-inner-blocks-wrap\">\n<div class=\"wp-block-uagb-container uagb-block-0cc2fca7\">\n<div class=\"wp-block-group is-layout-constrained wp-block-group-is-layout-constrained\"><div class=\"aioseo-breadcrumbs\"><span class=\"aioseo-breadcrumb\">\n\tInicio\n<\/span><\/div>\n\n\n<div style=\"height:5px\" aria-hidden=\"true\" class=\"wp-block-spacer\"><\/div>\n<\/div>\n\n\n\n<div class=\"wp-block-uagb-advanced-heading uagb-block-46bf9726\"><h2 class=\"uagb-heading-text\"><strong>Descubra Ciudad de M\u00e9xico como un local \ud83c\uddf2\ud83c\uddfd<\/strong><\/h2><p class=\"uagb-desc-text\">Sum\u00e9rjase en la din\u00e1mica capital de M\u00e9xico con nuestros consejos de expertos. Desde sus barrios hist\u00f3ricos hasta sus restaurantes de visita obligada, estamos aqu\u00ed para guiarte.<\/p><\/div>\n\n\n\n<div class=\"wp-block-uagb-container uagb-block-e4b1459c\">\n<div class=\"wp-block-uagb-advanced-heading uagb-block-e664ddd9\"><h3 class=\"uagb-heading-text\"><strong>Tu gu\u00eda completa de la CDMX \ud83c\udf06<\/strong><\/h3><p class=\"uagb-desc-text\">Descubra lo mejor de Ciudad de M\u00e9xico sin esfuerzo: cultura, gastronom\u00eda y entretenimiento. Nuestra gu\u00eda simplifica tu experiencia para una estancia inolvidable.<\/p><\/div>\n\n\n\n<div class=\"wp-block-uagb-advanced-heading uagb-block-4c1b05fa\"><h6 class=\"uagb-heading-text\"><strong>Los mejores consejos para vivir en Ciudad de M\u00e9xico <\/strong>\ud83d\ude87<\/h6><p class=\"uagb-desc-text\">Encuentra las mejores opciones de alojamiento, trabajo y ocio con nuestras recomendaciones. Disfruta de la capital mexicana con tranquilidad y placer.<\/p><\/div>\n<\/div>\n<\/div>\n\n\n\n<div class=\"wp-block-uagb-container uagb-block-612c00eb\">\n<div class=\"wp-block-uagb-image alignleft uagb-block-fc55f369 wp-block-uagb-image--layout-default wp-block-uagb-image--effect-static wp-block-uagb-image--align-left\"><figure class=\"wp-block-uagb-image__figure\"><img decoding=\"async\" srcset=\"https:\/\/ilovemexico.co\/wp-content\/uploads\/2024\/03\/pexels-fernando-paleta-18439581.jpg ,https:\/\/ilovemexico.co\/wp-content\/uploads\/2024\/03\/pexels-fernando-paleta-18439581.jpg 780w, https:\/\/ilovemexico.co\/wp-content\/uploads\/2024\/03\/pexels-fernando-paleta-18439581.jpg 360w\" sizes=\"(max-width: 480px) 150px\" src=\"https:\/\/ilovemexico.co\/wp-content\/uploads\/2024\/03\/pexels-fernando-paleta-18439581.jpg\" alt=\"Vivir en Ciudad de M\u00e9xico\" class=\"uag-image-1650\" width=\"675\" height=\"400\" title=\"Vivir en Ciudad de M\u00e9xico\" loading=\"lazy\" role=\"img\"\/><\/figure><\/div>\n<\/div>\n<\/div><\/div>\n\n\n\n<div class=\"wp-block-uagb-container uagb-block-86be25ac alignfull uagb-is-root-container\"><div class=\"uagb-container-inner-blocks-wrap\">\n<div class=\"wp-block-group is-layout-constrained wp-block-group-is-layout-constrained\">\n<div class=\"wp-block-group is-layout-constrained wp-block-group-is-layout-constrained\">\n<div class=\"wp-block-group is-layout-constrained wp-block-group-is-layout-constrained\">\n<div class=\"wp-block-uagb-separator uagb-block-0229f1c9\"><div class=\"uagb-separator-spacing-wrapper\"><div class=\"wp-block-uagb-separator__inner\" style=\"--my-background-image:\"><\/div><\/div><\/div>\n\n\n\n<h2 class=\"wp-block-heading\">Nuestros art\u00edculos sobre Ciudad de M\u00e9xico<\/h2>\n<\/div>\n<\/div>\n<\/div>\n\n\n\n<div class=\"wp-block-uagb-container uagb-block-b83f8b85 alignfull uagb-is-root-container\"><div class=\"uagb-container-inner-blocks-wrap\">\n<div class=\"wp-block-uagb-container uagb-block-e07e957a\">\n<div class=\"wp-block-uagb-image uagb-block-5e476972 wp-block-uagb-image--layout-default wp-block-uagb-image--effect-static wp-block-uagb-image--align-none\"><figure class=\"wp-block-uagb-image__figure\"><a class=\"\" href=\"https:\/\/ilovemexico.co\/es\/ciudad-de-mexico\/gastronomia-2\/mejores-restaurantes-en-ciudad-de-mexico\/\" target=\"\" rel=\"noopener\"><img decoding=\"async\" srcset=\"https:\/\/ilovemexico.co\/wp-content\/uploads\/2024\/03\/pexels-los-muertos-crew-8230030.jpg ,https:\/\/ilovemexico.co\/wp-content\/uploads\/2024\/03\/pexels-los-muertos-crew-8230030.jpg 780w, https:\/\/ilovemexico.co\/wp-content\/uploads\/2024\/03\/pexels-los-muertos-crew-8230030.jpg 360w\" sizes=\"(max-width: 480px) 150px\" src=\"https:\/\/ilovemexico.co\/wp-content\/uploads\/2024\/03\/pexels-los-muertos-crew-8230030.jpg\" alt=\"Los mejores restaurantes de Ciudad de M\u00e9xico\" class=\"uag-image-1922\" width=\"386\" height=\"252\" title=\"Los mejores restaurantes de Ciudad de M\u00e9xico\" loading=\"lazy\" role=\"img\"\/><\/a><\/figure><\/div>\n\n\n\n<div class=\"wp-block-uagb-info-box uagb-block-4d5ce323 uagb-infobox__content-wrap  uagb-infobox-icon-above-title uagb-infobox-image-valign-top\"><div class=\"uagb-ifb-content\"><div class=\"uagb-ifb-title-wrap\"><h4 class=\"uagb-ifb-title\"><a href=\"https:\/\/ilovemexico.co\/es\/ciudad-de-mexico\/gastronomia-2\/mejores-restaurantes-en-ciudad-de-mexico\/\" title=\"Los 10 mejores restaurantes de la Ciudad de M\u00e9xico\">Los 10 mejores restaurantes de la Ciudad de M\u00e9xico<\/a><\/h4><\/div><p class=\"uagb-ifb-desc\">\u00bfBusca un restaurante en Ciudad de M\u00e9xico? Echa un vistazo a nuestro top 10 para vivir una experiencia culinaria \u00fanica en la ciudad de la gastronom\u00eda !<\/p><div class=\"uagb-ifb-button-wrapper wp-block-button\"><a href=\"https:\/\/ilovemexico.co\/es\/ciudad-de-mexico\/gastronomia-2\/mejores-restaurantes-en-ciudad-de-mexico\/\" class=\"uagb-infobox-cta-link wp-block-button__link\" target=\"_self\" rel=\"noopener noreferrer\" onclick=\"return true;\"><span class=\"uagb-inline-editing\">Seguir leyendo<\/span><svg xmlns=\"https:\/\/www.w3.org\/2000\/svg\" viewbox=\"0 0 512 512\"><path d=\"M504.3 273.6l-112.1 104c-6.992 6.484-17.18 8.218-25.94 4.406c-8.758-3.812-14.42-12.45-14.42-21.1L351.9 288H32C14.33 288 .0002 273.7 .0002 255.1S14.33 224 32 224h319.9l0-72c0-9.547 5.66-18.19 14.42-22c8.754-3.809 18.95-2.075 25.94 4.41l112.1 104C514.6 247.9 514.6 264.1 504.3 273.6z\"><\/path><\/svg><\/a><\/div><\/div><\/div>\n<\/div>\n\n\n\n<div class=\"wp-block-uagb-container uagb-block-ac292811\">\n<div class=\"wp-block-uagb-image alignleft uagb-block-938e2ba8 wp-block-uagb-image--layout-default wp-block-uagb-image--effect-static wp-block-uagb-image--align-left\"><figure class=\"wp-block-uagb-image__figure\"><a class=\"\" href=\"https:\/\/ilovemexico.co\/es\/ciudad-de-mexico\/vida-nocturna\/vida-nocturna-en-ciudad-de-mexico\/\" target=\"\" rel=\"noopener\"><img decoding=\"async\" srcset=\"https:\/\/ilovemexico.co\/wp-content\/uploads\/2024\/03\/pexels-cottonbro-studio-3171837-1-edited.webp ,http:\/\/ilovemexico.co\/wp-content\/uploads\/2024\/03\/pexels-cottonbro-studio-3171837-1.webp 780w, http:\/\/ilovemexico.co\/wp-content\/uploads\/2024\/03\/pexels-cottonbro-studio-3171837-1.webp 360w\" sizes=\"(max-width: 480px) 150px\" src=\"https:\/\/ilovemexico.co\/wp-content\/uploads\/2024\/03\/pexels-cottonbro-studio-3171837-1-edited.webp\" alt=\"\u00bfD\u00f3nde salir en Ciudad de M\u00e9xico? Las mejores terrazas, bares y discotecas\" class=\"uag-image-2271\" width=\"500\" height=\"253\" title=\"\u00bfD\u00f3nde salir en Ciudad de M\u00e9xico? Las mejores terrazas, bares y discotecas\" loading=\"lazy\" role=\"img\"\/><\/a><\/figure><\/div>\n\n\n\n<div class=\"wp-block-uagb-info-box uagb-block-823087d3 uagb-infobox__content-wrap  uagb-infobox-icon-above-title uagb-infobox-image-valign-top\"><div class=\"uagb-ifb-content\"><div class=\"uagb-ifb-title-wrap\"><h4 class=\"uagb-ifb-title\"><a href=\"https:\/\/ilovemexico.co\/es\/ciudad-de-mexico\/vida-nocturna\/vida-nocturna-en-ciudad-de-mexico\/\" title=\"\u00bfD\u00f3nde salir en Ciudad de M\u00e9xico? Terrazas, Bares, Discotecas\">\u00bfD\u00f3nde salir en Ciudad de M\u00e9xico? Terrazas, Bares, Discotecas<\/a><\/h4><\/div><p class=\"uagb-ifb-desc\">\u00bfBusca un restaurante en Ciudad de M\u00e9xico? Echa un vistazo a nuestro top 10 para vivir una experiencia culinaria \u00fanica en la ciudad de la gastronom\u00eda !<\/p><div class=\"uagb-ifb-button-wrapper wp-block-button\"><a href=\"https:\/\/ilovemexico.co\/es\/ciudad-de-mexico\/vida-nocturna\/vida-nocturna-en-ciudad-de-mexico\/\" class=\"uagb-infobox-cta-link wp-block-button__link\" target=\"_self\" rel=\"noopener noreferrer\" onclick=\"return true;\"><span class=\"uagb-inline-editing\">Seguir leyendo<\/span><svg xmlns=\"https:\/\/www.w3.org\/2000\/svg\" viewbox=\"0 0 512 512\"><path d=\"M504.3 273.6l-112.1 104c-6.992 6.484-17.18 8.218-25.94 4.406c-8.758-3.812-14.42-12.45-14.42-21.1L351.9 288H32C14.33 288 .0002 273.7 .0002 255.1S14.33 224 32 224h319.9l0-72c0-9.547 5.66-18.19 14.42-22c8.754-3.809 18.95-2.075 25.94 4.41l112.1 104C514.6 247.9 514.6 264.1 504.3 273.6z\"><\/path><\/svg><\/a><\/div><\/div><\/div>\n<\/div>\n\n\n\n<div class=\"wp-block-uagb-container uagb-block-967864ab\">\n<div class=\"wp-block-uagb-image alignleft uagb-block-ef9f0dff wp-block-uagb-image--layout-default wp-block-uagb-image--effect-static wp-block-uagb-image--align-left\"><figure class=\"wp-block-uagb-image__figure\"><a class=\"\" href=\"https:\/\/ilovemexico.co\/es\/ciudad-de-mexico\/empresa\/ciudad-de-mexico-capital-de-negocios\/\" target=\"\" rel=\"noopener\"><img decoding=\"async\" srcset=\"https:\/\/ilovemexico.co\/wp-content\/uploads\/2024\/03\/pexels-rafael-guajardo-604661-1-1.webp ,https:\/\/ilovemexico.co\/wp-content\/uploads\/2024\/03\/pexels-rafael-guajardo-604661-1-1.webp 780w, https:\/\/ilovemexico.co\/wp-content\/uploads\/2024\/03\/pexels-rafael-guajardo-604661-1-1.webp 360w\" sizes=\"(max-width: 480px) 150px\" src=\"https:\/\/ilovemexico.co\/wp-content\/uploads\/2024\/03\/pexels-rafael-guajardo-604661-1-1.webp\" alt=\"Ciudad de M\u00e9xico Capital de negocios\" class=\"uag-image-2478\" width=\"372\" height=\"248\" title=\"Ciudad de M\u00e9xico Capital de negocios\" loading=\"lazy\" role=\"img\"\/><\/a><\/figure><\/div>\n\n\n\n<div class=\"wp-block-uagb-info-box uagb-block-d0e39f80 uagb-infobox__content-wrap  uagb-infobox-icon-above-title uagb-infobox-image-valign-top\"><div class=\"uagb-ifb-content\"><div class=\"uagb-ifb-title-wrap\"><h4 class=\"uagb-ifb-title\"><a href=\"https:\/\/ilovemexico.co\/es\/ciudad-de-mexico\/empresa\/ciudad-de-mexico-capital-de-negocios\/\" title=\"\">Ciudad de M\u00e9xico: Capital del Futuro y Eldorado de los Negocios<\/a><\/h4><\/div><p class=\"uagb-ifb-desc\">Ciudad de M\u00e9xico, la nueva capital de los negocios para emprendedores, inversores y n\u00f3madas digitales. Descubre por qu\u00e9 esta ciudad atrae talento global por su calidad de vida.<\/p><div class=\"uagb-ifb-button-wrapper wp-block-button\"><a href=\"https:\/\/ilovemexico.co\/es\/ciudad-de-mexico\/empresa\/ciudad-de-mexico-capital-de-negocios\/\" class=\"uagb-infobox-cta-link wp-block-button__link\" target=\"_self\" rel=\"noopener noreferrer\" onclick=\"return true;\"><span class=\"uagb-inline-editing\">Seguir leyendo<\/span><svg xmlns=\"https:\/\/www.w3.org\/2000\/svg\" viewbox=\"0 0 512 512\"><path d=\"M504.3 273.6l-112.1 104c-6.992 6.484-17.18 8.218-25.94 4.406c-8.758-3.812-14.42-12.45-14.42-21.1L351.9 288H32C14.33 288 .0002 273.7 .0002 255.1S14.33 224 32 224h319.9l0-72c0-9.547 5.66-18.19 14.42-22c8.754-3.809 18.95-2.075 25.94 4.41l112.1 104C514.6 247.9 514.6 264.1 504.3 273.6z\"><\/path><\/svg><\/a><\/div><\/div><\/div>\n<\/div>\n<\/div><\/div>\n\n\n\n<div class=\"wp-block-uagb-container uagb-block-127c5d31 alignfull uagb-is-root-container\"><div class=\"uagb-container-inner-blocks-wrap\">\n<div class=\"wp-block-uagb-container uagb-block-d15f776e\">\n<div class=\"wp-block-uagb-image uagb-block-0e400dd9 wp-block-uagb-image--layout-default wp-block-uagb-image--effect-static wp-block-uagb-image--align-none\"><figure class=\"wp-block-uagb-image__figure\"><a class=\"\" href=\"https:\/\/ilovemexico.co\/es\/ciudad-de-mexico\/empresa\/mejores-cafes-en-ciudad-de-mexico\/\" target=\"\" rel=\"noopener\"><img decoding=\"async\" srcset=\"https:\/\/ilovemexico.co\/wp-content\/uploads\/2024\/05\/nolan-issac-It0DCaCBr40-unsplash.webp ,https:\/\/ilovemexico.co\/wp-content\/uploads\/2024\/05\/nolan-issac-It0DCaCBr40-unsplash.webp 780w, https:\/\/ilovemexico.co\/wp-content\/uploads\/2024\/05\/nolan-issac-It0DCaCBr40-unsplash.webp 360w\" sizes=\"(max-width: 480px) 150px\" src=\"https:\/\/ilovemexico.co\/wp-content\/uploads\/2024\/05\/nolan-issac-It0DCaCBr40-unsplash.webp\" alt=\"Los mejores caf\u00e9s de Ciudad de M\u00e9xico para teletrabajadores y estudiantes\" class=\"uag-image-3979\" width=\"368\" height=\"240\" title=\"Los mejores caf\u00e9s de Ciudad de M\u00e9xico para teletrabajadores y estudiantes\" loading=\"lazy\" role=\"img\"\/><\/a><\/figure><\/div>\n\n\n\n<div class=\"wp-block-uagb-info-box uagb-block-d0995b08 uagb-infobox__content-wrap  uagb-infobox-icon-above-title uagb-infobox-image-valign-top\"><div class=\"uagb-ifb-content\"><div class=\"uagb-ifb-title-wrap\"><h4 class=\"uagb-ifb-title\"><a href=\"https:\/\/ilovemexico.co\/es\/ciudad-de-mexico\/empresa\/mejores-cafes-en-ciudad-de-mexico\/\" title=\"Los 10 mejores restaurantes de la Ciudad de M\u00e9xico\">Los mejores caf\u00e9s de Ciudad de M\u00e9xico para teletrabajadores y estudiantes<\/a><\/h4><\/div><p class=\"uagb-ifb-desc\">\ud83d\udc69\u200d\ud83d\udcbb \u00bfBuscas la pr\u00f3xima cafeter\u00eda para pasar horas en Ciudad de M\u00e9xico? Echa un vistazo a nuestra lista de los mejores caf\u00e9s de la Ciudad de M\u00e9xico para trabajar e inspirarte. \u2615\ud83d\udcd8<\/p><div class=\"uagb-ifb-button-wrapper wp-block-button\"><a href=\"https:\/\/ilovemexico.co\/es\/ciudad-de-mexico\/empresa\/mejores-cafes-en-ciudad-de-mexico\/\" class=\"uagb-infobox-cta-link wp-block-button__link\" target=\"_self\" rel=\"noopener noreferrer\" onclick=\"return true;\"><span class=\"uagb-inline-editing\">Seguir leyendo<\/span><svg xmlns=\"https:\/\/www.w3.org\/2000\/svg\" viewbox=\"0 0 512 512\"><path d=\"M504.3 273.6l-112.1 104c-6.992 6.484-17.18 8.218-25.94 4.406c-8.758-3.812-14.42-12.45-14.42-21.1L351.9 288H32C14.33 288 .0002 273.7 .0002 255.1S14.33 224 32 224h319.9l0-72c0-9.547 5.66-18.19 14.42-22c8.754-3.809 18.95-2.075 25.94 4.41l112.1 104C514.6 247.9 514.6 264.1 504.3 273.6z\"><\/path><\/svg><\/a><\/div><\/div><\/div>\n<\/div>\n\n\n\n<div class=\"wp-block-uagb-container uagb-block-bc4c3dcc\">\n<div class=\"wp-block-uagb-image uagb-block-a0847c81 wp-block-uagb-image--layout-default wp-block-uagb-image--effect-static wp-block-uagb-image--align-none\"><figure class=\"wp-block-uagb-image__figure\"><a class=\"\" href=\"https:\/\/ilovemexico.co\/es\/ciudad-de-mexico\/empresa\/razones-para-ser-nomada-digital-en-ciudad-de-mexico\/\" target=\"\" rel=\"noopener\"><img decoding=\"async\" srcset=\"https:\/\/ilovemexico.co\/wp-content\/uploads\/2024\/05\/unsplash-7rXu_HJO9D8-unsplash.webp ,https:\/\/ilovemexico.co\/wp-content\/uploads\/2024\/05\/unsplash-7rXu_HJO9D8-unsplash.webp 780w, https:\/\/ilovemexico.co\/wp-content\/uploads\/2024\/05\/unsplash-7rXu_HJO9D8-unsplash.webp 360w\" sizes=\"(max-width: 480px) 150px\" src=\"https:\/\/ilovemexico.co\/wp-content\/uploads\/2024\/05\/unsplash-7rXu_HJO9D8-unsplash.webp\" alt=\"n\u00f3mada digital en Ciudad de M\u00e9xico\" class=\"uag-image-4008\" width=\"1920\" height=\"1281\" title=\"n\u00f3mada digital en Ciudad de M\u00e9xico\" loading=\"lazy\" role=\"img\"\/><\/a><\/figure><\/div>\n\n\n\n<div class=\"wp-block-uagb-info-box uagb-block-914f1ced uagb-infobox__content-wrap  uagb-infobox-icon-above-title uagb-infobox-image-valign-top\"><div class=\"uagb-ifb-content\"><div class=\"uagb-ifb-title-wrap\"><h4 class=\"uagb-ifb-title\"><a href=\"https:\/\/ilovemexico.co\/es\/ciudad-de-mexico\/empresa\/razones-para-ser-nomada-digital-en-ciudad-de-mexico\/\" target=\"_blank\" rel=\"noopener\" title=\"Las 8 razones principales para convertirse en n\u00f3mada digital en Ciudad de M\u00e9xico\">Las 8 razones principales para convertirse en n\u00f3mada digital en Ciudad de M\u00e9xico<\/a><\/h4><\/div><p class=\"uagb-ifb-desc\">\u00bfBuscas el destino ideal para trabajar a distancia? \ud83d\udc69\ud83c\udffb\u200d\ud83d\udcbb \u00a1Convertirse en n\u00f3mada digital en la Ciudad de M\u00e9xico es un must! D\u00e9janos convencerte. \ud83c\uddf2\ud83c\uddfd<\/p><div class=\"uagb-ifb-button-wrapper wp-block-button\"><a href=\"https:\/\/ilovemexico.co\/es\/ciudad-de-mexico\/empresa\/razones-para-ser-nomada-digital-en-ciudad-de-mexico\/\" class=\"uagb-infobox-cta-link wp-block-button__link\" target=\"_self\" rel=\"noopener noreferrer\" onclick=\"return true;\"><span class=\"uagb-inline-editing\">Seguir leyendo<\/span><svg xmlns=\"https:\/\/www.w3.org\/2000\/svg\" viewbox=\"0 0 512 512\"><path d=\"M504.3 273.6l-112.1 104c-6.992 6.484-17.18 8.218-25.94 4.406c-8.758-3.812-14.42-12.45-14.42-21.1L351.9 288H32C14.33 288 .0002 273.7 .0002 255.1S14.33 224 32 224h319.9l0-72c0-9.547 5.66-18.19 14.42-22c8.754-3.809 18.95-2.075 25.94 4.41l112.1 104C514.6 247.9 514.6 264.1 504.3 273.6z\"><\/path><\/svg><\/a><\/div><\/div><\/div>\n<\/div>\n\n\n\n<div class=\"wp-block-uagb-container uagb-block-ceda9f20\">\n<div class=\"wp-block-uagb-image uagb-block-3ef50778 wp-block-uagb-image--layout-default wp-block-uagb-image--effect-static wp-block-uagb-image--align-none\"><figure class=\"wp-block-uagb-image__figure\"><a class=\"\" href=\"https:\/\/ilovemexico.co\/es\/ciudad-de-mexico\/gastronomia-2\/restaurantes-con-estrellas-michelin-en-cdmx\/\" target=\"\" rel=\"noopener\"><img decoding=\"async\" srcset=\"https:\/\/ilovemexico.co\/wp-content\/uploads\/2024\/05\/indownloader.app_picture_0675289001716240127.webp ,https:\/\/ilovemexico.co\/wp-content\/uploads\/2024\/05\/indownloader.app_picture_0675289001716240127.webp 780w, https:\/\/ilovemexico.co\/wp-content\/uploads\/2024\/05\/indownloader.app_picture_0675289001716240127.webp 360w\" sizes=\"(max-width: 480px) 150px\" src=\"https:\/\/ilovemexico.co\/wp-content\/uploads\/2024\/05\/indownloader.app_picture_0675289001716240127.webp\" alt=\"Restaurantes con estrellas Michelin en Ciudad de M\u00e9xico\" class=\"uag-image-4079\" width=\"357\" height=\"240\" title=\"Restaurantes con estrellas Michelin en Ciudad de M\u00e9xico\" loading=\"lazy\" role=\"img\"\/><\/a><\/figure><\/div>\n\n\n\n<div class=\"wp-block-uagb-info-box uagb-block-7a50ebcd uagb-infobox__content-wrap  uagb-infobox-icon-above-title uagb-infobox-image-valign-top\"><div class=\"uagb-ifb-content\"><div class=\"uagb-ifb-title-wrap\"><h4 class=\"uagb-ifb-title\"><a href=\"https:\/\/ilovemexico.co\/es\/ciudad-de-mexico\/gastronomia-2\/restaurantes-con-estrellas-michelin-en-cdmx\/\" title=\"Restaurantes con estrellas Michelin en Ciudad de M\u00e9xico\">Restaurantes con estrellas Michelin en Ciudad de M\u00e9xico<\/a><\/h4><\/div><p class=\"uagb-ifb-desc\">\u00bfBusca restaurantes con estrellas Michelin en Ciudad de M\u00e9xico? Entonces ha llegado al lugar adecuado para vivir una experiencia gustativa excepcional. \u00a1Descubre con nosotros los mejores establecimientos de la ciudad! \ud83c\udf2e\u2b50\ufe0f<\/p><div class=\"uagb-ifb-button-wrapper wp-block-button\"><a href=\"https:\/\/ilovemexico.co\/es\/ciudad-de-mexico\/gastronomia-2\/restaurantes-con-estrellas-michelin-en-cdmx\/\" class=\"uagb-infobox-cta-link wp-block-button__link\" target=\"_self\" rel=\"noopener noreferrer\" onclick=\"return true;\"><span class=\"uagb-inline-editing\">Seguir leyendo<\/span><svg xmlns=\"https:\/\/www.w3.org\/2000\/svg\" viewbox=\"0 0 512 512\"><path d=\"M504.3 273.6l-112.1 104c-6.992 6.484-17.18 8.218-25.94 4.406c-8.758-3.812-14.42-12.45-14.42-21.1L351.9 288H32C14.33 288 .0002 273.7 .0002 255.1S14.33 224 32 224h319.9l0-72c0-9.547 5.66-18.19 14.42-22c8.754-3.809 18.95-2.075 25.94 4.41l112.1 104C514.6 247.9 514.6 264.1 504.3 273.6z\"><\/path><\/svg><\/a><\/div><\/div><\/div>\n<\/div>\n<\/div><\/div>\n<\/div><\/div>","protected":false},"excerpt":{"rendered":"<p>Vivir en Ciudad de M\u00e9xico Descubre Ciudad de M\u00e9xico como un lugare\u00f1o \ud83c\uddf2\ud83c\uddfd Sum\u00e9rgete en la din\u00e1mica capital de M\u00e9xico con nuestros consejos de expertos. Desde sus barrios hist\u00f3ricos hasta sus restaurantes de visita obligada, estamos aqu\u00ed para guiarte. Tu gu\u00eda completa de la CDMX \ud83c\udf06 Descubre lo mejor de la Ciudad de M\u00e9xico sin esfuerzo: cultura, gastronom\u00eda y entretenimiento. Nuestra [...]<\/p>","protected":false},"author":1,"featured_media":1649,"parent":0,"menu_order":0,"comment_status":"closed","ping_status":"closed","template":"","meta":{"_uag_custom_page_level_css":"","_monsterinsights_skip_tracking":false,"_monsterinsights_sitenote_active":false,"_monsterinsights_sitenote_note":"","_monsterinsights_sitenote_category":0,"_uf_show_specific_survey":0,"_uf_disable_surveys":false,"site-sidebar-layout":"default","site-content-layout":"page-builder","ast-site-content-layout":"full-width-container","site-content-style":"unboxed","site-sidebar-style":"unboxed","ast-global-header-display":"","ast-banner-title-visibility":"","ast-main-header-display":"","ast-hfb-above-header-display":"","ast-hfb-below-header-display":"","ast-hfb-mobile-header-display":"","site-post-title":"disabled","ast-breadcrumbs-content":"","ast-featured-img":"","footer-sml-layout":"","theme-transparent-header-meta":"enabled","adv-header-id-meta":"","stick-header-meta":"","header-above-stick-meta":"","header-main-stick-meta":"","header-below-stick-meta":"","astra-migrate-meta-layouts":"set","ast-page-background-enabled":"default","ast-page-background-meta":{"desktop":{"background-color":"var(--ast-global-color-4)","background-image":"","background-repeat":"repeat","background-position":"center center","background-size":"auto","background-attachment":"scroll","background-type":"","background-media":"","overlay-type":"","overlay-color":"","overlay-opacity":"","overlay-gradient":""},"tablet":{"background-color":"","background-image":"","background-repeat":"repeat","background-position":"center center","background-size":"auto","background-attachment":"scroll","background-type":"","background-media":"","overlay-type":"","overlay-color":"","overlay-opacity":"","overlay-gradient":""},"mobile":{"background-color":"","background-image":"","background-repeat":"repeat","background-position":"center center","background-size":"auto","background-attachment":"scroll","background-type":"","background-media":"","overlay-type":"","overlay-color":"","overlay-opacity":"","overlay-gradient":""}},"ast-content-background-meta":{"desktop":{"background-color":"var(--ast-global-color-5)","background-image":"","background-repeat":"repeat","background-position":"center center","background-size":"auto","background-attachment":"scroll","background-type":"","background-media":"","overlay-type":"","overlay-color":"","overlay-opacity":"","overlay-gradient":""},"tablet":{"background-color":"var(--ast-global-color-5)","background-image":"","background-repeat":"repeat","background-position":"center center","background-size":"auto","background-attachment":"scroll","background-type":"","background-media":"","overlay-type":"","overlay-color":"","overlay-opacity":"","overlay-gradient":""},"mobile":{"background-color":"var(--ast-global-color-5)","background-image":"","background-repeat":"repeat","background-position":"center center","background-size":"auto","background-attachment":"scroll","background-type":"","background-media":"","overlay-type":"","overlay-color":"","overlay-opacity":"","overlay-gradient":""}},"footnotes":""},"class_list":["post-1648","page","type-page","status-publish","has-post-thumbnail","hentry"],"aioseo_notices":[],"featured_image_src":"https:\/\/ilovemexico.co\/wp-content\/uploads\/2024\/03\/pexels-fernando-paleta-18439601.jpg","uagb_featured_image_src":{"full":["https:\/\/ilovemexico.co\/wp-content\/uploads\/2024\/03\/pexels-fernando-paleta-18439601.jpg",1920,1080,false],"thumbnail":["https:\/\/ilovemexico.co\/wp-content\/uploads\/2024\/03\/pexels-fernando-paleta-18439601-150x150.jpg",150,150,true],"medium":["https:\/\/ilovemexico.co\/wp-content\/uploads\/2024\/03\/pexels-fernando-paleta-18439601-300x169.jpg",300,169,true],"medium_large":["https:\/\/ilovemexico.co\/wp-content\/uploads\/2024\/03\/pexels-fernando-paleta-18439601-768x432.jpg",768,432,true],"large":["https:\/\/ilovemexico.co\/wp-content\/uploads\/2024\/03\/pexels-fernando-paleta-18439601-1024x576.jpg",1024,576,true],"1536x1536":["https:\/\/ilovemexico.co\/wp-content\/uploads\/2024\/03\/pexels-fernando-paleta-18439601-1536x864.jpg",1536,864,true],"2048x2048":["https:\/\/ilovemexico.co\/wp-content\/uploads\/2024\/03\/pexels-fernando-paleta-18439601.jpg",1920,1080,false],"trp-custom-language-flag":["https:\/\/ilovemexico.co\/wp-content\/uploads\/2024\/03\/pexels-fernando-paleta-18439601.jpg",18,10,false],"menu-24x24":["https:\/\/ilovemexico.co\/wp-content\/uploads\/2024\/03\/pexels-fernando-paleta-18439601.jpg",24,14,false],"menu-36x36":["https:\/\/ilovemexico.co\/wp-content\/uploads\/2024\/03\/pexels-fernando-paleta-18439601.jpg",36,20,false],"menu-48x48":["https:\/\/ilovemexico.co\/wp-content\/uploads\/2024\/03\/pexels-fernando-paleta-18439601.jpg",48,27,false],"yarpp-thumbnail":["https:\/\/ilovemexico.co\/wp-content\/uploads\/2024\/03\/pexels-fernando-paleta-18439601.jpg",120,68,false]},"uagb_author_info":{"display_name":"ilovemexico.co","author_link":"https:\/\/ilovemexico.co\/es\/author\/953d5cb09b84c26e\/"},"uagb_comment_info":0,"uagb_excerpt":"Vivre \u00e0 Mexico City D\u00e9couvrez Mexico City comme un local \ud83c\uddf2\ud83c\uddfd Immergez-vous dans la capitale dynamique du Mexique avec nos conseils experts. De ses quartiers historiques aux restaurants incontournables, nous sommes l\u00e0 pour vous orienter. Votre guide complet de CDMX \ud83c\udf06 D\u00e9couvrez le meilleur de Mexico City sans effort : culture, gastronomie, et divertissement. Notre&hellip;","_links":{"self":[{"href":"https:\/\/ilovemexico.co\/es\/wp-json\/wp\/v2\/pages\/1648"}],"collection":[{"href":"https:\/\/ilovemexico.co\/es\/wp-json\/wp\/v2\/pages"}],"about":[{"href":"https:\/\/ilovemexico.co\/es\/wp-json\/wp\/v2\/types\/page"}],"author":[{"embeddable":true,"href":"https:\/\/ilovemexico.co\/es\/wp-json\/wp\/v2\/users\/1"}],"replies":[{"embeddable":true,"href":"https:\/\/ilovemexico.co\/es\/wp-json\/wp\/v2\/comments?post=1648"}],"version-history":[{"count":26,"href":"https:\/\/ilovemexico.co\/es\/wp-json\/wp\/v2\/pages\/1648\/revisions"}],"predecessor-version":[{"id":5016,"href":"https:\/\/ilovemexico.co\/es\/wp-json\/wp\/v2\/pages\/1648\/revisions\/5016"}],"wp:featuredmedia":[{"embeddable":true,"href":"https:\/\/ilovemexico.co\/es\/wp-json\/wp\/v2\/media\/1649"}],"wp:attachment":[{"href":"https:\/\/ilovemexico.co\/es\/wp-json\/wp\/v2\/media?parent=1648"}],"curies":[{"name":"wp","href":"https:\/\/api.w.org\/{rel}","templated":true}]}}