
{"id":2889,"date":"2024-03-28T01:33:42","date_gmt":"2024-03-28T00:33:42","guid":{"rendered":"https:\/\/ilovemexico.co\/?page_id=2889"},"modified":"2024-03-28T01:35:48","modified_gmt":"2024-03-28T00:35:48","slug":"informacion-legal","status":"publish","type":"page","link":"https:\/\/ilovemexico.co\/es\/informacion-legal\/","title":{"rendered":"Informaci\u00f3n jur\u00eddica"},"content":{"rendered":"<div style=\"height:122px\" aria-hidden=\"true\" class=\"wp-block-spacer\"><\/div>\n\n\n\n<h2 class=\"wp-block-heading\">Aviso legal - I Love Mexico <\/h2>\n\n\n\n<p><strong>\u00daltima actualizaci\u00f3n : <\/strong>15\/03\/2024<\/p>\n\n\n\n<p>Bienvenido a I Love Mexico, el blog de Estaxa&amp;group, tu ventana a M\u00e9xico y sus infinitas riquezas. Esta p\u00e1gina de informaci\u00f3n legal est\u00e1 dedicada a informarle sobre los aspectos legales y organizativos de nuestro sitio.<\/p>\n\n\n\n<h3 class=\"wp-block-heading has-text-color has-link-color wp-elements-25d42c79fb81377e4e59fa2490ba81f7\" style=\"color:#fcb84d\"><mark style=\"background-color:rgba(0, 0, 0, 0);color:#fcb84d\" class=\"has-inline-color\">1.<\/mark><strong> Identificaci\u00f3n<\/strong><\/h3>\n\n\n\n<p>I Love Mexico es un blog dirigido por Estaxa&amp;group, con sede en Polanco, Ciudad de M\u00e9xico, M\u00e9xico.<\/p>\n\n\n\n<p><strong>Informaci\u00f3n facilitada directamente por el usuario :<\/strong> Esto incluye la informaci\u00f3n que nos facilita cuando se suscribe a nuestro bolet\u00edn, participa en un concurso o se comunica con nosotros.<\/p>\n\n\n\n<h3 class=\"wp-block-heading has-text-color has-link-color wp-elements-cd59bc09b8c4aa268ddfeedbd9b9cfbb\" style=\"color:#fcb84d\"><strong>2. Contacto<\/strong><\/h3>\n\n\n\n<p>Si desea m\u00e1s informaci\u00f3n, colaborar con nosotros o tiene cualquier otra duda, p\u00f3ngase en contacto con nosotros a trav\u00e9s de nuestra direcci\u00f3n de correo electr\u00f3nico : <a>contact@ilovemexico.co<\/a>.<\/p>\n\n\n\n<h3 class=\"wp-block-heading has-text-color has-link-color wp-elements-1c7d77a7331a84247270675f7331811c\" style=\"color:#fcb84d\"><strong>3. Alojamiento<\/strong><\/h3>\n\n\n\n<p>El sitio web I Love Mexico est\u00e1 alojado en Hostinger International Ltd, con sede en 61 Lordou Vironos Street, 6023 Larnaca, Chipre.<\/p>\n\n\n\n<h3 class=\"wp-block-heading has-text-color has-link-color wp-elements-ff1b61d7059accf1698a3a5fc0f6425d\" style=\"color:#fcb84d\"><strong>4. 4. Uso del sitio web<\/strong><\/h3>\n\n\n\n<p>El acceso y uso del sitio web I Love Mexico est\u00e1n sujetos a la aceptaci\u00f3n y cumplimiento de los t\u00e9rminos y condiciones de uso disponibles en nuestro sitio web.<\/p>\n\n\n\n<h3 class=\"wp-block-heading has-text-color has-link-color wp-elements-e3e09631e25e402ae00d8f09fe484cd2\" style=\"color:#fcb84d\"><strong>5. 5. Propiedad intelectual<\/strong><\/h3>\n\n\n\n<p>El contenido del sitio web I Love Mexico, incluyendo textos, gr\u00e1ficos, im\u00e1genes y otros materiales, est\u00e1 protegido por derechos de propiedad intelectual y es propiedad de Estaxa&amp;group o de sus socios. Cualquier reproducci\u00f3n no autorizada de este contenido sin permiso escrito est\u00e1 estrictamente prohibida.<\/p>\n\n\n\n<h3 class=\"wp-block-heading has-text-color has-link-color wp-elements-e6b26e3e8babd89a6c4771ac7140a788\" style=\"color:#fcb84d\"><strong>6. Recogida y uso de datos<\/strong><\/h3>\n\n\n\n<p> Los datos personales que puedan recogerse en el sitio son utilizados principalmente por el editor para gestionar las relaciones con usted y, en su caso, para tramitar sus pedidos. Para m\u00e1s detalles sobre c\u00f3mo gestionamos sus datos personales, consulte nuestra pol\u00edtica de privacidad.<\/p>\n\n\n\n<h3 class=\"wp-block-heading has-text-color has-link-color wp-elements-cf40f506d9cdc8b4c4fc790b8030b1fd\" style=\"color:#fcb84d\"><strong>7. Responsabilidad<\/strong><\/h3>\n\n\n\n<p>Aunque se toma un cuidado meticuloso para asegurar la calidad y actualizaci\u00f3n de la informaci\u00f3n publicada, I Love Mexico, Estaxa&amp;group, y Hostinger International Ltd no pueden garantizar la exactitud, precisi\u00f3n, actualizaci\u00f3n o integridad de la informaci\u00f3n puesta a disposici\u00f3n en el sitio.<\/p>\n\n\n\n<h3 class=\"wp-block-heading has-text-color has-link-color wp-elements-fd7cb9462af011a3783a4bb0200c27e0\" style=\"color:#fcb84d\"><strong>8. Modificaci\u00f3n del Aviso Legal<\/strong><\/h3>\n\n\n\n<p>I Love Mexico se reserva el derecho de modificar o actualizar este aviso legal en cualquier momento. Se invita a los usuarios del sitio a consultarlos regularmente.<\/p>\n\n\n\n<p>Si tiene alguna pregunta sobre estos avisos legales, no dude en ponerse en contacto con nosotros en la direcci\u00f3n indicada en la secci\u00f3n de contacto.<\/p>\n\n\n\n<p>Gracias por su visita y su inter\u00e9s en I Love Mexico. \u00a1Venga y explore las maravillas de M\u00e9xico con nosotros!<\/p>\n\n\n\n<div style=\"height:191px\" aria-hidden=\"true\" class=\"wp-block-spacer\"><\/div>","protected":false},"excerpt":{"rendered":"<p>Aviso legal - I Love Mexico \u00daltima actualizaci\u00f3n: 15\/03\/2024 Bienvenido a I Love Mexico, el blog de Estaxa&amp;group, tu ventana a M\u00e9xico y sus infinitas riquezas. Esta p\u00e1gina de informaci\u00f3n legal est\u00e1 dedicada a informarte sobre los aspectos legales y organizativos de nuestro sitio. 1 Identificaci\u00f3n I Love [...]<\/p>","protected":false},"author":1,"featured_media":0,"parent":0,"menu_order":0,"comment_status":"closed","ping_status":"open","template":"","meta":{"_uag_custom_page_level_css":"","_monsterinsights_skip_tracking":false,"_monsterinsights_sitenote_active":false,"_monsterinsights_sitenote_note":"","_monsterinsights_sitenote_category":0,"_uf_show_specific_survey":0,"_uf_disable_surveys":false,"site-sidebar-layout":"default","site-content-layout":"","ast-site-content-layout":"default","site-content-style":"default","site-sidebar-style":"default","ast-global-header-display":"","ast-banner-title-visibility":"","ast-main-header-display":"","ast-hfb-above-header-display":"","ast-hfb-below-header-display":"","ast-hfb-mobile-header-display":"","site-post-title":"","ast-breadcrumbs-content":"","ast-featured-img":"","footer-sml-layout":"","theme-transparent-header-meta":"","adv-header-id-meta":"","stick-header-meta":"","header-above-stick-meta":"","header-main-stick-meta":"","header-below-stick-meta":"","astra-migrate-meta-layouts":"set","ast-page-background-enabled":"default","ast-page-background-meta":{"desktop":{"background-color":"var(--ast-global-color-4)","background-image":"","background-repeat":"repeat","background-position":"center center","background-size":"auto","background-attachment":"scroll","background-type":"","background-media":"","overlay-type":"","overlay-color":"","overlay-opacity":"","overlay-gradient":""},"tablet":{"background-color":"","background-image":"","background-repeat":"repeat","background-position":"center center","background-size":"auto","background-attachment":"scroll","background-type":"","background-media":"","overlay-type":"","overlay-color":"","overlay-opacity":"","overlay-gradient":""},"mobile":{"background-color":"","background-image":"","background-repeat":"repeat","background-position":"center center","background-size":"auto","background-attachment":"scroll","background-type":"","background-media":"","overlay-type":"","overlay-color":"","overlay-opacity":"","overlay-gradient":""}},"ast-content-background-meta":{"desktop":{"background-color":"var(--ast-global-color-5)","background-image":"","background-repeat":"repeat","background-position":"center center","background-size":"auto","background-attachment":"scroll","background-type":"","background-media":"","overlay-type":"","overlay-color":"","overlay-opacity":"","overlay-gradient":""},"tablet":{"background-color":"var(--ast-global-color-5)","background-image":"","background-repeat":"repeat","background-position":"center center","background-size":"auto","background-attachment":"scroll","background-type":"","background-media":"","overlay-type":"","overlay-color":"","overlay-opacity":"","overlay-gradient":""},"mobile":{"background-color":"var(--ast-global-color-5)","background-image":"","background-repeat":"repeat","background-position":"center center","background-size":"auto","background-attachment":"scroll","background-type":"","background-media":"","overlay-type":"","overlay-color":"","overlay-opacity":"","overlay-gradient":""}},"footnotes":""},"class_list":["post-2889","page","type-page","status-publish","hentry"],"aioseo_notices":[],"featured_image_src":null,"uagb_featured_image_src":{"full":false,"thumbnail":false,"medium":false,"medium_large":false,"large":false,"1536x1536":false,"2048x2048":false,"trp-custom-language-flag":false,"menu-24x24":false,"menu-36x36":false,"menu-48x48":false,"yarpp-thumbnail":false},"uagb_author_info":{"display_name":"ilovemexico.co","author_link":"https:\/\/ilovemexico.co\/es\/author\/953d5cb09b84c26e\/"},"uagb_comment_info":0,"uagb_excerpt":"Mentions L\u00e9gales &#8211; I Love Mexico Derni\u00e8re mise \u00e0 jour : 15\/03\/2024 Bienvenue sur I Love Mexico, le blog propuls\u00e9 par Estaxa&amp;group, votre fen\u00eatre ouverte sur le Mexique et sa richesse infinie. Cette page de mentions l\u00e9gales est d\u00e9di\u00e9e \u00e0 vous informer sur les aspects l\u00e9gaux et organisationnels de notre site. 1. Identification I Love&hellip;","_links":{"self":[{"href":"https:\/\/ilovemexico.co\/es\/wp-json\/wp\/v2\/pages\/2889"}],"collection":[{"href":"https:\/\/ilovemexico.co\/es\/wp-json\/wp\/v2\/pages"}],"about":[{"href":"https:\/\/ilovemexico.co\/es\/wp-json\/wp\/v2\/types\/page"}],"author":[{"embeddable":true,"href":"https:\/\/ilovemexico.co\/es\/wp-json\/wp\/v2\/users\/1"}],"replies":[{"embeddable":true,"href":"https:\/\/ilovemexico.co\/es\/wp-json\/wp\/v2\/comments?post=2889"}],"version-history":[{"count":1,"href":"https:\/\/ilovemexico.co\/es\/wp-json\/wp\/v2\/pages\/2889\/revisions"}],"predecessor-version":[{"id":2890,"href":"https:\/\/ilovemexico.co\/es\/wp-json\/wp\/v2\/pages\/2889\/revisions\/2890"}],"wp:attachment":[{"href":"https:\/\/ilovemexico.co\/es\/wp-json\/wp\/v2\/media?parent=2889"}],"curies":[{"name":"wp","href":"https:\/\/api.w.org\/{rel}","templated":true}]}}