
{"id":3,"date":"2024-03-01T02:59:13","date_gmt":"2024-03-01T01:59:13","guid":{"rendered":"http:\/\/ilovemexico.co\/?page_id=3"},"modified":"2024-03-28T01:20:29","modified_gmt":"2024-03-28T00:20:29","slug":"politique-de-confidentialite","status":"publish","type":"page","link":"https:\/\/ilovemexico.co\/es\/politica-de-privacidad\/","title":{"rendered":"Pol\u00edtica de privacidad"},"content":{"rendered":"<div style=\"height:122px\" aria-hidden=\"true\" class=\"wp-block-spacer\"><\/div>\n\n\n\n<h2 class=\"wp-block-heading\">Pol\u00edtica de privacidad de I Love Mexico M\u00e9dia<\/h2>\n\n\n\n<p><strong>\u00daltima actualizaci\u00f3n : <\/strong>15\/03\/2024<\/p>\n\n\n\n<p>Bienvenido a I Love Mexico Media, su fuente para todas las cosas mexicanas. La protecci\u00f3n de su privacidad es de suma importancia para nosotros, y esta pol\u00edtica de privacidad tiene como objetivo informarle sobre c\u00f3mo recopilamos, utilizamos y compartimos su informaci\u00f3n personal.<\/p>\n\n\n\n<h3 class=\"wp-block-heading\"><mark style=\"background-color:rgba(0, 0, 0, 0);color:#fcb84d\" class=\"has-inline-color\">1. 1. Recopilaci\u00f3n de informaci\u00f3n<\/mark><\/h3>\n\n\n\n<p>Recopilamos informaci\u00f3n sobre usted cuando utiliza nuestro sitio web, incluyendo:<\/p>\n\n\n\n<ul class=\"wp-block-list\">\n<li><strong>Informaci\u00f3n facilitada directamente por el usuario :<\/strong> Esto incluye la informaci\u00f3n que nos facilita cuando se suscribe a nuestro bolet\u00edn, participa en un concurso o se comunica con nosotros.<\/li>\n\n\n\n<li><strong>Informaci\u00f3n recopilada autom\u00e1ticamente :<\/strong> Recogemos cierta informaci\u00f3n autom\u00e1ticamente cuando visita nuestro sitio, como su direcci\u00f3n IP, tipo de navegador, las p\u00e1ginas que visita y la hora de sus visitas.<\/li>\n\n\n\n<li><strong>Cookies y tecnolog\u00edas similares :<\/strong> Para mejorar su experiencia en nuestro sitio, utilizamos cookies y tecnolog\u00edas similares.<\/li>\n<\/ul>\n\n\n\n<h3 class=\"wp-block-heading\"><mark style=\"background-color:rgba(0, 0, 0, 0);color:#fcb84d\" class=\"has-inline-color\">2. Uso de la informaci\u00f3n<\/mark><\/h3>\n\n\n\n<p>Sus datos podr\u00e1n utilizarse para :<\/p>\n\n\n\n<ul class=\"wp-block-list\">\n<li>Para proporcionar, operar y mejorar nuestro sitio;<\/li>\n\n\n\n<li>Para comunicarnos con usted, por ejemplo, para enviarle informaci\u00f3n actualizada sobre nuestros contenidos;<\/li>\n\n\n\n<li>Analizar el uso del sitio para comprender y mejorar nuestro servicio.<\/li>\n<\/ul>\n\n\n\n<h3 class=\"wp-block-heading\"><mark style=\"background-color:rgba(0, 0, 0, 0);color:#fcb84d\" class=\"has-inline-color\">3. Compartir informaci\u00f3n<\/mark><\/h3>\n\n\n\n<p>S\u00f3lo compartimos su informaci\u00f3n personal con terceros en los siguientes casos:<\/p>\n\n\n\n<ul class=\"wp-block-list\">\n<li>Con su consentimiento;<\/li>\n\n\n\n<li>Cumplir la ley ;<\/li>\n\n\n\n<li>Para proteger los derechos y la seguridad de nuestro sitio, de nuestros usuarios o del p\u00fablico;<\/li>\n\n\n\n<li>Con proveedores de servicios que nos ayudan a gestionar nuestro negocio, bajo acuerdos de confidencialidad.<\/li>\n<\/ul>\n\n\n\n<h3 class=\"wp-block-heading\"><mark style=\"background-color:rgba(0, 0, 0, 0);color:#fcb84d\" class=\"has-inline-color\">4. Seguridad<\/mark><\/h3>\n\n\n\n<p>Tomamos medidas para proteger su informaci\u00f3n contra el acceso no autorizado, la alteraci\u00f3n, la divulgaci\u00f3n o la destrucci\u00f3n. Sin embargo, ning\u00fan sistema es completamente seguro y no podemos garantizar la seguridad absoluta de su informaci\u00f3n.<\/p>\n\n\n\n<h3 class=\"wp-block-heading\"><mark style=\"background-color:rgba(0, 0, 0, 0);color:#fcb84d\" class=\"has-inline-color\">5. Sus derechos<\/mark><\/h3>\n\n\n\n<p>Tiene derecho a :<\/p>\n\n\n\n<ul class=\"wp-block-list\">\n<li>Acceso a sus datos personales ;<\/li>\n\n\n\n<li>Solicitar la rectificaci\u00f3n o supresi\u00f3n de sus datos;<\/li>\n\n\n\n<li>Oponerse a determinados usos de sus datos;<\/li>\n\n\n\n<li>Retirar su consentimiento en cualquier momento.<\/li>\n<\/ul>\n\n\n\n<p>Para ejercer estos derechos, p\u00f3ngase en contacto con nosotros en contact@ilovemexico.co.<\/p>\n\n\n\n<h3 class=\"wp-block-heading\"><mark style=\"background-color:rgba(0, 0, 0, 0);color:#fcb84d\" class=\"has-inline-color\">6. Cambios en esta pol\u00edtica<\/mark><\/h3>\n\n\n\n<p>Es posible que actualicemos esta pol\u00edtica de privacidad de vez en cuando. La fecha de la \u00faltima actualizaci\u00f3n aparecer\u00e1 siempre en la parte superior de esta p\u00e1gina. Le recomendamos que consulte esta pol\u00edtica con regularidad.<\/p>\n\n\n\n<h3 class=\"wp-block-heading\"><mark style=\"background-color:rgba(0, 0, 0, 0);color:#fcb84d\" class=\"has-inline-color\">7. Contacto<\/mark><\/h3>\n\n\n\n<p>Si tiene alguna pregunta o duda sobre esta pol\u00edtica de privacidad, p\u00f3ngase en contacto con nosotros en contact@ilovemexico.co.<\/p>","protected":false},"excerpt":{"rendered":"<p>I Love Mexico M\u00e9dia Pol\u00edtica de privacidad \u00daltima actualizaci\u00f3n: 15\/03\/2024 Bienvenido a I Love Mexico M\u00e9dia, tu fuente para todo lo mexicano. La protecci\u00f3n de sus datos personales es de suma importancia para nosotros, y esta pol\u00edtica de privacidad tiene como objetivo informarle [...]<\/p>","protected":false},"author":1,"featured_media":0,"parent":0,"menu_order":0,"comment_status":"closed","ping_status":"open","template":"","meta":{"_uag_custom_page_level_css":"","_monsterinsights_skip_tracking":false,"_monsterinsights_sitenote_active":false,"_monsterinsights_sitenote_note":"","_monsterinsights_sitenote_category":0,"_uf_show_specific_survey":0,"_uf_disable_surveys":false,"site-sidebar-layout":"default","site-content-layout":"","ast-site-content-layout":"default","site-content-style":"default","site-sidebar-style":"default","ast-global-header-display":"","ast-banner-title-visibility":"","ast-main-header-display":"","ast-hfb-above-header-display":"","ast-hfb-below-header-display":"","ast-hfb-mobile-header-display":"","site-post-title":"","ast-breadcrumbs-content":"","ast-featured-img":"","footer-sml-layout":"","ast-disable-related-posts":"","theme-transparent-header-meta":"","adv-header-id-meta":"","stick-header-meta":"","header-above-stick-meta":"","header-main-stick-meta":"","header-below-stick-meta":"","astra-migrate-meta-layouts":"set","ast-page-background-enabled":"default","ast-page-background-meta":{"desktop":{"background-color":"var(--ast-global-color-5)","background-image":"","background-repeat":"repeat","background-position":"center center","background-size":"auto","background-attachment":"scroll","background-type":"","background-media":"","overlay-type":"","overlay-color":"","overlay-opacity":"","overlay-gradient":""},"tablet":{"background-color":"","background-image":"","background-repeat":"repeat","background-position":"center center","background-size":"auto","background-attachment":"scroll","background-type":"","background-media":"","overlay-type":"","overlay-color":"","overlay-opacity":"","overlay-gradient":""},"mobile":{"background-color":"","background-image":"","background-repeat":"repeat","background-position":"center center","background-size":"auto","background-attachment":"scroll","background-type":"","background-media":"","overlay-type":"","overlay-color":"","overlay-opacity":"","overlay-gradient":""}},"ast-content-background-meta":{"desktop":{"background-color":"var(--ast-global-color-4)","background-image":"","background-repeat":"repeat","background-position":"center center","background-size":"auto","background-attachment":"scroll","background-type":"","background-media":"","overlay-type":"","overlay-color":"","overlay-opacity":"","overlay-gradient":""},"tablet":{"background-color":"var(--ast-global-color-4)","background-image":"","background-repeat":"repeat","background-position":"center center","background-size":"auto","background-attachment":"scroll","background-type":"","background-media":"","overlay-type":"","overlay-color":"","overlay-opacity":"","overlay-gradient":""},"mobile":{"background-color":"var(--ast-global-color-4)","background-image":"","background-repeat":"repeat","background-position":"center center","background-size":"auto","background-attachment":"scroll","background-type":"","background-media":"","overlay-type":"","overlay-color":"","overlay-opacity":"","overlay-gradient":""}},"footnotes":""},"class_list":["post-3","page","type-page","status-publish","hentry"],"aioseo_notices":[],"featured_image_src":null,"uagb_featured_image_src":{"full":false,"thumbnail":false,"medium":false,"medium_large":false,"large":false,"1536x1536":false,"2048x2048":false,"trp-custom-language-flag":false,"menu-24x24":false,"menu-36x36":false,"menu-48x48":false,"yarpp-thumbnail":false},"uagb_author_info":{"display_name":"ilovemexico.co","author_link":"https:\/\/ilovemexico.co\/es\/author\/953d5cb09b84c26e\/"},"uagb_comment_info":0,"uagb_excerpt":"Politique de Confidentialit\u00e9 de I Love Mexico M\u00e9dia Derni\u00e8re mise \u00e0 jour : 15\/03\/2024 Bienvenue sur I Love Mexico M\u00e9dia, votre source privil\u00e9gi\u00e9e pour tout ce qui concerne le Mexique. La protection de vos donn\u00e9es personnelles est de la plus haute importance pour nous, et cette politique de confidentialit\u00e9 vise \u00e0 vous informer sur la&hellip;","_links":{"self":[{"href":"https:\/\/ilovemexico.co\/es\/wp-json\/wp\/v2\/pages\/3"}],"collection":[{"href":"https:\/\/ilovemexico.co\/es\/wp-json\/wp\/v2\/pages"}],"about":[{"href":"https:\/\/ilovemexico.co\/es\/wp-json\/wp\/v2\/types\/page"}],"author":[{"embeddable":true,"href":"https:\/\/ilovemexico.co\/es\/wp-json\/wp\/v2\/users\/1"}],"replies":[{"embeddable":true,"href":"https:\/\/ilovemexico.co\/es\/wp-json\/wp\/v2\/comments?post=3"}],"version-history":[{"count":2,"href":"https:\/\/ilovemexico.co\/es\/wp-json\/wp\/v2\/pages\/3\/revisions"}],"predecessor-version":[{"id":2888,"href":"https:\/\/ilovemexico.co\/es\/wp-json\/wp\/v2\/pages\/3\/revisions\/2888"}],"wp:attachment":[{"href":"https:\/\/ilovemexico.co\/es\/wp-json\/wp\/v2\/media?parent=3"}],"curies":[{"name":"wp","href":"https:\/\/api.w.org\/{rel}","templated":true}]}}